{"id":6237,"date":"2014-04-25T23:02:28","date_gmt":"2014-04-25T21:02:28","guid":{"rendered":"http:\/\/mandyschuetze.online.de\/wordpress\/?page_id=6237"},"modified":"2026-03-14T10:33:42","modified_gmt":"2026-03-14T08:33:42","slug":"ueber-mich","status":"publish","type":"page","link":"https:\/\/frauschuetze.de\/?page_id=6237","title":{"rendered":"\u00fcber mich"},"content":{"rendered":"\n<h2 class=\"wp-block-heading\">Vita<\/h2>\n\n\n<div class=\"wp-block-image\">\n<figure class=\"alignright size-donovan-list-post is-resized\"><img loading=\"lazy\" decoding=\"async\" width=\"600\" height=\"450\" src=\"https:\/\/frauschuetze.de\/wordpress\/wp-content\/uploads\/2023\/08\/Ma_y2023-quadrat-600x450.jpg\" alt=\"\" class=\"wp-image-7675\" style=\"width:450px;height:338px\"\/><\/figure>\n<\/div>\n\n\n<ul class=\"wp-block-list\">\n<li>1997 Abitur in Radeberg<\/li>\n\n\n\n<li>1997 &#8211; 2003 Studium Lehramt Geographie\/Ethik&amp;Philosophie f\u00fcr Gymnasium in Dresden (Abschluss: 1. Staatsexamen)<\/li>\n\n\n\n<li>2000 &#8211; 2006 Arbeitskreis Ethik der TU Dresden, Start des Blogs hier (2002) und der <a href=\"https:\/\/unterrichten.zum.de\/wiki\/Hauptseite\">Wiki-Arbeit<\/a> (2005)<\/li>\n\n\n\n<li>2006 &#8211; 2009 Referendariat in Leipzig (Geo\/Ethik) &#8211; (Abschluss: 2. Staatsexamen)<\/li>\n\n\n\n<li>seit September 2009 &#8211; Studienr\u00e4tin im Gymnasium Gerabronn (Geo \/ Ethik &amp; Philosophie)<\/li>\n\n\n\n<li>seit November 2009 im Vorstand des <a href=\"https:\/\/www.zum.de\/portal\">ZUM Internet e.V.<\/a><\/li>\n\n\n\n<li>November 2015 &#8211; November 2025 1. Vorsitzende des <a href=\"https:\/\/www.zum.de\/portal\">ZUM Internet e.V.<\/a><\/li>\n\n\n\n<li>seit Mai 2017 &#8211; Oberstudienr\u00e4tin am Gymnasium Gerabronn <\/li>\n\n\n\n<li>seit September 2022 &#8211; Stadtr\u00e4tin im Gemeinderat <a href=\"https:\/\/www.gerabronn.de\/startseite.html\">Gerabronn<\/a><\/li>\n\n\n\n<li>2024 &#8211; <a href=\"https:\/\/frauschuetze.de\/?p=7857\">Pro-\u0424i-Lehrkraft 2024<\/a><\/li>\n\n\n\n<li>seit November 2025 im Vorstand der <a href=\"https:\/\/www.zum.de\/portal\">ZUM Internet e.V.<\/a>, weiterhin f\u00fcr ZUM im <a href=\"https:\/\/buendnis-freie-bildung.de\/\">B\u00fcndnis freie Bildung<\/a> und im <a href=\"https:\/\/open-educational-resources.de\/ueber-oerinfo\/der-beirat-von-oerinfo\/\">Beirat OER Info<\/a><\/li>\n<\/ul>\n\n\n\n<p>weitere Aufgaben in der Schule: Pressearbeit, Sch\u00fclerzeitung, Jahrbuch, Team Fair-Trade-Schule, Koordinierung mit Fair-Trade-Stadt, Kleidertauschpartys<\/p>\n\n\n\n<p>Kinder: 2004, 2007, 2015, 2017<\/p>\n\n\n\n<h2 class=\"wp-block-heading\">Ver\u00f6ffentlichungen in Print-Medien<\/h2>\n\n\n\n<ul class=\"wp-block-list\">\n<li>Balance-Akte &#8211; Zur Bewertung prozessorientierten Unterrichts, in: Schmidt, Donat (Hrsg.): Ma\u00df nehmen &#8211; Ma\u00df geben, Leistungsbewertung im Philosophie- und Ethikunterricht, (Jahrbuch zur Didaktik der Philosophie und Ethik, 2009)<\/li>\n\n\n\n<li><a href=\"http:\/\/frauschuetze.de\/?p=6811\">Digitale Medien im philosophischen Unterrich<\/a>t. in:&nbsp;Nida-R\u00fcmelin, Julian; Spiegel, Irina; Tiedemann, Markus: Handbuch Philosophie und Ethik, Band 1, UTB September 2015 (zusammen mit Donat Schmidt)<\/li>\n\n\n\n<li>Digitale Medien. in:&nbsp;Pfister \/ Zimmermann: Neues Handbuch des Philosophieunterrichts, 2016 S. 357 ff.<\/li>\n\n\n\n<li>Normative Orientierung im Netz: gute und schlechte Webseiten erkennen. In: Birnbacher, D. \/ Goergen, K.\/Tiedemann, M.(Hrsg.): Normative Integration. Kulturkampf im Klassenzimmer und netzgepr\u00e4gte Sch\u00fclerschaft. Ferdinand Sch\u00f6ningh-Verlag. Juni 2021.<\/li>\n<\/ul>\n\n\n\n<h5 class=\"wp-block-heading\">Zeitschriften:<\/h5>\n\n\n\n<h6 class=\"wp-block-heading\">Praxis Philosophie und Ethik<\/h6>\n\n\n\n<ul class=\"wp-block-list\">\n<li>&#8222;Das Boot ist voll &#8211; Argumentationsmuster in Blogs, Online-Kommentaren und Leserbriefen analysieren&#8220; &#8211; Heft Migration und Moral 2\/2017<\/li>\n\n\n\n<li>&#8222;Smartphones und Laptop als Medien im Ethikunterricht. Jeremy Bentham digital erarbeiten&#8220; &#8211; Heft 4\/2017<\/li>\n<\/ul>\n\n\n\n<h6 class=\"wp-block-heading\">Ethik und Unterricht<\/h6>\n\n\n\n<ul class=\"wp-block-list\">\n<li>Das Weblog: das Ende der Privatheit von Unterricht, Ethik und Unterricht 2\/2011<\/li>\n\n\n\n<li><a href=\"https:\/\/frauschuetze.de\/?p=7249\">Gemeinsam Texte schreiben: Kollaboratives Arbeiten mit dem ZUMPad<\/a>, Heft 1\/2019<\/li>\n\n\n\n<li>Lerntagebuch, Portfolio oder philosophisches Tagebuch?, Heft 3\/2023 (<a href=\"https:\/\/frauschuetze.de\/?p=7484\">basiert auf diesem Blogpost<\/a>)<\/li>\n<\/ul>\n\n\n\n<h6 class=\"wp-block-heading\">Zeitschrift f\u00fcr Didaktik der Philosophie und Ethik (ZDPE)<\/h6>\n\n\n\n<ul class=\"wp-block-list\">\n<li>Negative\u00b4 und \u00b4positive\u00b4 Vorurteile. Philosophieren \u00fcber Vorurteile auf unterschiedlichen Abstraktionsstufen, ZDPE 2\/2006<\/li>\n\n\n\n<li>Ethikunterricht im Web 2.0 &#8211; Wikis und Weblogs optimal eingesetzt, ZDPE 2\/2008<\/li>\n\n\n\n<li>Kann eine einzige Geschichte wahr sein? Die Gefahr einer Single Story &#8211; Chimamanda Adichie, ZDPE 4\/2021<\/li>\n\n\n\n<li>Aktuelle KI-Tools f\u00fcr den Einsatz im Ethik- und Philosophieunterricht &#8211; eine kommentierte Auswahl, ZDPE 2\/2015<\/li>\n<\/ul>\n\n\n\n<h6 class=\"wp-block-heading\">Sonstige Zeitschriften<\/h6>\n\n\n\n<ul class=\"wp-block-list\">\n<li>Zeitschrift P\u00e4dagogik 7\/8 \/ 2019: <a href=\"https:\/\/frauschuetze.de\/?p=7319\">Effiziente Unterrichtsvorbereitung im Alltag<\/a><\/li>\n<\/ul>\n\n\n\n<h5 class=\"wp-block-heading\">Lehrb\u00fccher:<\/h5>\n\n\n\n<ul class=\"wp-block-list\">\n<li>Kapitel Natur im Ethiklehrbuch Lebenswert 5\/6, Sachsen (Militzke Verlag, M\u00e4rz 2015)<\/li>\n\n\n\n<li>Kapitel Mensch und Natur, Lebenswert 5\/6, Sachsen (Militzke Verlag, 2024)<\/li>\n\n\n\n<li>Kapitel Armut und Reichtum, Lebenswert 7\/8, Sachsen (geplant Militzke Verlag 2025)<\/li>\n\n\n\n<li>Kapitel Medien und die Macht der Bilder, Lebenswert 9\/10 (geplant Militzke Verlag 2026)<\/li>\n<\/ul>\n\n\n\n<h2 class=\"wp-block-heading\">Digitales<\/h2>\n\n\n\n<ul class=\"wp-block-list\">\n<li><a href=\"https:\/\/ethikblogs.de\/\">Ethikblog meiner Sch\u00fclerinnen und Sch\u00fcler<\/a> (seit 2011)<\/li>\n\n\n\n<li>Podcast: <a href=\"https:\/\/open-educational-resources.de\/oer038-lobbyarbeit-fuer-oer-das-buendnis-freie-bildung\/\">Lobbyarbeit f\u00fcr OER &#8211; das B\u00fcndnis freie Bildung<\/a> (2017)<\/li>\n\n\n\n<li>J\u00f6ran Muu\u00df-Merholz: <a href=\"https:\/\/www.joeran.de\/mandy-schuetze\/\">Ethikblog und Geographie-Wiki<\/a> (2015)<\/li>\n\n\n\n<li>Podcast pb21: Lernen mit Wikis (2014) &#8211; anscheinend inzwischen nicht mehr online<\/li>\n\n\n\n<li>Film: <a href=\"https:\/\/youtu.be\/0yddqJ78ZA0\">25 Jahre ZUM<\/a> (2022)<\/li>\n<\/ul>\n\n\n\n<h2 class=\"wp-block-heading\">Fortbildungen \/ Seminare \/ Sessions (Auswahl)<\/h2>\n\n\n\n<ul class=\"wp-block-list\">\n<li>&nbsp;Sommer 2001: Sommerferien-Philosophie-Camp f\u00fcr S\u00e4chsische Sch\u00fcler in Bautzen (mit Arbeitskreis Ethik)<\/li>\n\n\n\n<li>&nbsp;November 2002: Wochenendeseminar am St. Afra in Mei\u00dfen zum Thema &#8222;Existenzphilosophie&#8220; (mit Sybille Slavik)<\/li>\n\n\n\n<li>Juni 2008: Fortbildung f\u00fcr Ethiklehrer zum Thema &#8222;Kurzfilme im Ethikunterricht&#8220; in Chemnitz<\/li>\n\n\n\n<li>Januar 2009: Fortbildung f\u00fcr Fachberater Ethik zum Thema &#8222;Neue Medien&#8220; in Mei\u00dfen<\/li>\n\n\n\n<li>&nbsp;Sept. 2010 \/ 2011 \/ 2012: Barcamp Stuttgart &#8211; Sessions zu Wikis und Weblogs im Unterricht<\/li>\n\n\n\n<li>M\u00e4rz 2014: Educamp Frankfurt &#8211; Austausch zu Wikis im Unterricht, Best Practice<\/li>\n\n\n\n<li>WS 2013\/14 und SoSe 2009: Seminar an der TU Dresden, Philosophiedidaktik &#8211; Social Media im Ethikunterricht (mit Donat Schmidt)<\/li>\n\n\n\n<li>April 2016: <a href=\"http:\/\/frauschuetze.de\/?p=6930\">Educamp Leipzig<\/a> &#8211; Austausch zu Finanzierung von OER-Projekten<\/li>\n\n\n\n<li>Juni 2016: Vortrag bei der Jahrestagung des Fachverbands Ethik, Landesverbands BW&nbsp;<span style=\"font-weight: 400;\">\u201e<a href=\"http:\/\/frauschuetze.de\/?p=6944\">Wider die digitale Unmu\u0308ndigkeit! Multiperspektivita\u0308t, Kooperation und Individualisierung durch digitale Medien im Ethikunterricht<\/a>\u201c<\/span><\/li>\n\n\n\n<li>Februar 2017: <a href=\"http:\/\/frauschuetze.de\/?p=6997\">Begleitseminar<\/a> zur Ringvorlesung &#8222;Schl\u00fcsselprobleme der Gesellschaft&#8220; zum Thema &#8222;Digitale Medien im Unterricht&#8220;<\/li>\n\n\n\n<li>M\u00e4rz 2017: Forum bei der GEW-Fachtagung RLP &#8222;<a href=\"http:\/\/frauschuetze.de\/?p=7062\">Schule im digitalen Wandel<\/a>&#8220; zum Thema:&nbsp;Vernetztes und kollaboratives Lernen in Wikis und Etherpads, bei der Veranstaltung au\u00dferdem: Barcamp-Session zum Thema &#8222;Vernetzung von Lehrkr\u00e4ften auf Twitter&#8220;<\/li>\n\n\n\n<li>April 2017: <a href=\"http:\/\/frauschuetze.de\/?p=7082\">Educamp Bad Wildbad<\/a> &#8211; Sessions zu Bullet Journal und ZUM mitmachen<\/li>\n\n\n\n<li>M\u00e4rz 2024: <a href=\"https:\/\/frauschuetze.de\/?p=7742\">OERCamp in Hamburg: Workshop zu ZUM<\/a><\/li>\n\n\n\n<li>Oktober 2024: <a href=\"https:\/\/frauschuetze.de\/?p=7840\">Fachtag OER Info: Ehrenamtliche zusammen halten<\/a><\/li>\n<\/ul>\n\n\n\n<figure class=\"wp-block-table\"><table><tbody><tr><td><p align=\"right\">Vernetzt:<\/p> <p align=\"right\"><span style=\"color: #ad3c47; font-family: Arial; font-size: small;\"><a href=\"https:\/\/unterrichten.zum.de\/wiki\/Benutzer:FrauSch%C3%BCtze\">ZUM-Unterrichten: Frau Sch\u00fctze<\/a><br><a href=\"http:\/\/www.flickr.com\/photos\/ma-y\/\" target=\"_top\" rel=\"noopener noreferrer\">Flickr<\/a> \/ <a href=\"https:\/\/www.instagram.com\/lemiki4\/\">Instagram<\/a><br><a href=\"https:\/\/www.diigo.com\/user\/frauschuetze\/\">Diigo<\/a><br><a href=\"https:\/\/bildung.social\/@ma_y\">mastodon bildung.social<\/a> \/<a href=\"https:\/\/twitter.com\/ma_y\" target=\"_top\" rel=\"noopener noreferrer\"> bluesky<\/a><br><a href=\"https:\/\/www.facebook.com\/FrauSchuetze\" target=\"_top\" rel=\"noopener noreferrer\">Facebook: Frau Sch\u00fctze<\/a><\/span><\/p><\/td><\/tr><\/tbody><\/table><\/figure>\n<div class=\"twoclick_social_bookmarks_post_6237 social_share_privacy clearfix 1.6.4 locale-de_DE sprite-de_DE\"><\/div><div class=\"twoclick-js\"><script type=\"text\/javascript\">\/* <![CDATA[ *\/\njQuery(document).ready(function($){if($('.twoclick_social_bookmarks_post_6237')){$('.twoclick_social_bookmarks_post_6237').socialSharePrivacy({\"services\":{\"facebook\":{\"status\":\"on\",\"txt_info\":\"2 Klicks f\\u00fcr mehr Datenschutz: Erst wenn Sie hier klicken, wird der Button aktiv und Sie k\\u00f6nnen Ihre Empfehlung an Facebook senden. Schon beim Aktivieren werden Daten an Dritte \\u00fcbertragen - siehe <em>i<\\\/em>.\",\"perma_option\":\"off\",\"action\":\"recommend\",\"language\":\"de_DE\"},\"twitter\":{\"reply_to\":\"\",\"tweet_text\":\"%C3%BCber%20mich%20%C2%BB%20Frau%20Sch%C3%BCtze\",\"status\":\"on\",\"txt_info\":\"2 Klicks f\\u00fcr mehr Datenschutz: Erst wenn Sie hier klicken, wird der Button aktiv und Sie k\\u00f6nnen Ihre Empfehlung an Twitter senden. Schon beim Aktivieren werden Daten an Dritte \\u00fcbertragen - siehe <em>i<\\\/em>.\",\"perma_option\":\"off\",\"language\":\"de\",\"referrer_track\":\"\"},\"gplus\":{\"status\":\"on\",\"txt_info\":\"2 Klicks f\\u00fcr mehr Datenschutz: Erst wenn Sie hier klicken, wird der Button aktiv und Sie k\\u00f6nnen Ihre Empfehlung an Google+ senden. Schon beim Aktivieren werden Daten an Dritte \\u00fcbertragen - siehe <em>i<\\\/em>.\",\"perma_option\":\"off\",\"referrer_track\":\"\"},\"pinterest\":{\"status\":\"on\",\"the_excerpt\":\"\\u00fcber mich\",\"txt_info\":\"2 Klicks f\\u00fcr mehr Datenschutz: Erst wenn Sie hier klicken, wird der Button aktiv und Sie k\\u00f6nnen Ihre Empfehlung an Pinterest senden. Schon beim Aktivieren werden Daten an Dritte \\u00fcbertragen - siehe <em>i<\\\/em>.\",\"perma_option\":\"off\",\"media\":\"https:\\\/\\\/frauschuetze.de\\\/wordpress\\\/wp-content\\\/uploads\\\/2023\\\/08\\\/Ma_y2023-quadrat.jpg\"}},\"txt_help\":\"Wenn Sie diese Felder durch einen Klick aktivieren, werden Informationen an Facebook, Twitter, Flattr, Xing, t3n, LinkedIn, Pinterest oder Google eventuell ins Ausland \\u00fcbertragen und unter Umst\\u00e4nden auch dort gespeichert. N\\u00e4heres erfahren Sie durch einen Klick auf das <em>i<\\\/em>.\",\"settings_perma\":\"Dauerhaft aktivieren und Daten\\u00fcber-tragung zustimmen:\",\"info_link\":\"http:\\\/\\\/www.heise.de\\\/ct\\\/artikel\\\/2-Klicks-fuer-mehr-Datenschutz-1333879.html\",\"uri\":\"https:\\\/\\\/frauschuetze.de\\\/?page_id=6237\",\"post_id\":6237,\"post_title_referrer_track\":\"%C3%BCber+mich\",\"display_infobox\":\"on\"});}});\n\/* ]]> *\/<\/script><\/div>","protected":false},"excerpt":{"rendered":"<p>Vita weitere Aufgaben in der Schule: Pressearbeit, Sch\u00fclerzeitung, Jahrbuch, Team Fair-Trade-Schule, Koordinierung mit Fair-Trade-Stadt, Kleidertauschpartys Kinder: 2004, 2007, 2015, 2017<\/p>\n","protected":false},"author":1,"featured_media":0,"parent":0,"menu_order":0,"comment_status":"open","ping_status":"open","template":"","meta":{"footnotes":""},"class_list":["post-6237","page","type-page","status-publish","hentry"],"_links":{"self":[{"href":"https:\/\/frauschuetze.de\/index.php?rest_route=\/wp\/v2\/pages\/6237","targetHints":{"allow":["GET"]}}],"collection":[{"href":"https:\/\/frauschuetze.de\/index.php?rest_route=\/wp\/v2\/pages"}],"about":[{"href":"https:\/\/frauschuetze.de\/index.php?rest_route=\/wp\/v2\/types\/page"}],"author":[{"embeddable":true,"href":"https:\/\/frauschuetze.de\/index.php?rest_route=\/wp\/v2\/users\/1"}],"replies":[{"embeddable":true,"href":"https:\/\/frauschuetze.de\/index.php?rest_route=%2Fwp%2Fv2%2Fcomments&post=6237"}],"version-history":[{"count":58,"href":"https:\/\/frauschuetze.de\/index.php?rest_route=\/wp\/v2\/pages\/6237\/revisions"}],"predecessor-version":[{"id":8144,"href":"https:\/\/frauschuetze.de\/index.php?rest_route=\/wp\/v2\/pages\/6237\/revisions\/8144"}],"wp:attachment":[{"href":"https:\/\/frauschuetze.de\/index.php?rest_route=%2Fwp%2Fv2%2Fmedia&parent=6237"}],"curies":[{"name":"wp","href":"https:\/\/api.w.org\/{rel}","templated":true}]}}