{"id":6240,"date":"2014-04-25T23:05:17","date_gmt":"2014-04-25T21:05:17","guid":{"rendered":"http:\/\/mandyschuetze.online.de\/wordpress\/?page_id=6240"},"modified":"2018-05-24T23:02:25","modified_gmt":"2018-05-24T21:02:25","slug":"impressum","status":"publish","type":"page","link":"https:\/\/frauschuetze.de\/?page_id=6240","title":{"rendered":"Impressum"},"content":{"rendered":"<header class=\"entry-header\">\n<h1 class=\"entry-title\">Impressum<\/h1>\n<\/header>\n<div class=\"entry-content\">\n<h2>Angaben gem\u00e4\u00df \u00a7 5 TMG:<\/h2>\n<\/div>\n<p>Mandy Sch\u00fctze, Bahnhofstr. 20, 74582 Gerabonn<\/p>\n<h2>Kontakt<\/h2>\n<p>info (\u00e4t) frauschuetze.de<\/p>\n<h2>Verantwortlich f\u00fcr den Inhalt nach \u00a7 55 Abs. 2 RStV:<\/h2>\n<p>Mandy Sch\u00fctze, Bahnhofstr. 20, 74582 Gerabonn<\/p>\n<p>&nbsp;<\/p>\n<p>Alle Links sind zum Zeitpunkt der Ver\u00f6ffentlichung durch mich\u00a0gepr\u00fcft und wegen (nicht trotz) ihrer Inhalte eingepflegt. Da sich Internetseiten im Verlauf der Zeit \u00e4ndern, bitte ich um R\u00fcckmeldung wenn dies geschehen ist und ein Link nicht mehr zu seinem Inhalt passt.<\/p>\n<p>Alle Einbindungen fremder Inhalte unterliegen strenger Kontrolle und werden eingebunden, weil sie entweder unter einer entsprechenden Lizenz stehen, weil der Urheber es erlaubt hat oder weil das Einbinden z.B. von Youtube-Videos zul\u00e4ssig ist. Ich\u00a0tue dies nach bestem Wissen und Gewissen, sollte mir\u00a0jedoch ein Fehler unterlaufen bitte ich auch hier um schnelle R\u00fcckmeldung, sodass die betreffenden Inhalte gel\u00f6scht bzw. entfernt werden k\u00f6nnen.<\/p>\n<p>Alle meine\u00a0Texte stehen unter der <a href=\"http:\/\/creativecommons.org\/licenses\/\">Lizenz CC-by-SA<\/a> und d\u00fcrfen weiterverwendet, ver\u00e4ndert und erneut ver\u00f6ffentlicht werden. Zwei Bedingungen dazu: Der Urheber (bzw. Link zu diesem Weblog) m\u00fcssen genannt werden und die erneute Ver\u00f6ffentlichung muss wieder unter derselben Lizenz stehen.<\/p>\n<div class=\"twoclick_social_bookmarks_post_6240 social_share_privacy clearfix 1.6.4 locale-de_DE sprite-de_DE\"><\/div><div class=\"twoclick-js\"><script type=\"text\/javascript\">\/* <![CDATA[ *\/\njQuery(document).ready(function($){if($('.twoclick_social_bookmarks_post_6240')){$('.twoclick_social_bookmarks_post_6240').socialSharePrivacy({\"services\":{\"facebook\":{\"status\":\"on\",\"txt_info\":\"2 Klicks f\\u00fcr mehr Datenschutz: Erst wenn Sie hier klicken, wird der Button aktiv und Sie k\\u00f6nnen Ihre Empfehlung an Facebook senden. Schon beim Aktivieren werden Daten an Dritte \\u00fcbertragen - siehe <em>i<\\\/em>.\",\"perma_option\":\"off\",\"action\":\"recommend\",\"language\":\"de_DE\"},\"twitter\":{\"reply_to\":\"\",\"tweet_text\":\"Impressum%20%C2%BB%20Frau%20Sch%C3%BCtze\",\"status\":\"on\",\"txt_info\":\"2 Klicks f\\u00fcr mehr Datenschutz: Erst wenn Sie hier klicken, wird der Button aktiv und Sie k\\u00f6nnen Ihre Empfehlung an Twitter senden. Schon beim Aktivieren werden Daten an Dritte \\u00fcbertragen - siehe <em>i<\\\/em>.\",\"perma_option\":\"off\",\"language\":\"de\",\"referrer_track\":\"\"},\"gplus\":{\"status\":\"on\",\"txt_info\":\"2 Klicks f\\u00fcr mehr Datenschutz: Erst wenn Sie hier klicken, wird der Button aktiv und Sie k\\u00f6nnen Ihre Empfehlung an Google+ senden. Schon beim Aktivieren werden Daten an Dritte \\u00fcbertragen - siehe <em>i<\\\/em>.\",\"perma_option\":\"off\",\"referrer_track\":\"\"}},\"txt_help\":\"Wenn Sie diese Felder durch einen Klick aktivieren, werden Informationen an Facebook, Twitter, Flattr, Xing, t3n, LinkedIn, Pinterest oder Google eventuell ins Ausland \\u00fcbertragen und unter Umst\\u00e4nden auch dort gespeichert. N\\u00e4heres erfahren Sie durch einen Klick auf das <em>i<\\\/em>.\",\"settings_perma\":\"Dauerhaft aktivieren und Daten\\u00fcber-tragung zustimmen:\",\"info_link\":\"http:\\\/\\\/www.heise.de\\\/ct\\\/artikel\\\/2-Klicks-fuer-mehr-Datenschutz-1333879.html\",\"uri\":\"https:\\\/\\\/frauschuetze.de\\\/?page_id=6240\",\"post_id\":6240,\"post_title_referrer_track\":\"Impressum\",\"display_infobox\":\"on\"});}});\n\/* ]]> *\/<\/script><\/div>","protected":false},"excerpt":{"rendered":"<p>Impressum Angaben gem\u00e4\u00df \u00a7 5 TMG: Mandy Sch\u00fctze, Bahnhofstr. 20, 74582 Gerabonn Kontakt info (\u00e4t) frauschuetze.de Verantwortlich f\u00fcr den Inhalt<\/p>\n","protected":false},"author":1,"featured_media":0,"parent":0,"menu_order":0,"comment_status":"open","ping_status":"open","template":"","meta":{"footnotes":""},"class_list":["post-6240","page","type-page","status-publish","hentry"],"_links":{"self":[{"href":"https:\/\/frauschuetze.de\/index.php?rest_route=\/wp\/v2\/pages\/6240","targetHints":{"allow":["GET"]}}],"collection":[{"href":"https:\/\/frauschuetze.de\/index.php?rest_route=\/wp\/v2\/pages"}],"about":[{"href":"https:\/\/frauschuetze.de\/index.php?rest_route=\/wp\/v2\/types\/page"}],"author":[{"embeddable":true,"href":"https:\/\/frauschuetze.de\/index.php?rest_route=\/wp\/v2\/users\/1"}],"replies":[{"embeddable":true,"href":"https:\/\/frauschuetze.de\/index.php?rest_route=%2Fwp%2Fv2%2Fcomments&post=6240"}],"version-history":[{"count":3,"href":"https:\/\/frauschuetze.de\/index.php?rest_route=\/wp\/v2\/pages\/6240\/revisions"}],"predecessor-version":[{"id":7212,"href":"https:\/\/frauschuetze.de\/index.php?rest_route=\/wp\/v2\/pages\/6240\/revisions\/7212"}],"wp:attachment":[{"href":"https:\/\/frauschuetze.de\/index.php?rest_route=%2Fwp%2Fv2%2Fmedia&parent=6240"}],"curies":[{"name":"wp","href":"https:\/\/api.w.org\/{rel}","templated":true}]}}